{"id":703,"date":"2022-02-02T22:57:43","date_gmt":"2022-02-02T21:57:43","guid":{"rendered":"https:\/\/villahistra.com\/?page_id=703"},"modified":"2025-02-17T22:47:21","modified_gmt":"2025-02-17T21:47:21","slug":"destination","status":"publish","type":"page","link":"https:\/\/villahistra.com\/de\/destination\/","title":{"rendered":"Destination"},"content":{"rendered":"<h2 style=\"text-align: center;\">Erkunden Sie die Sch\u00f6nheit der istrischen St\u00e4dte, gr\u00fcnen H\u00fcgel und der wundersch\u00f6nen K\u00fcste<\/h2>\n<h6 style=\"text-align: center;\">LABIN<\/h6>\n<p><img decoding=\"async\" class=\"aligncenter wp-image-577 size-large lazyload\" src=\"data:image\/gif;base64,R0lGODlhAQABAIAAAAAAAP\/\/\/yH5BAEAAAAALAAAAAABAAEAAAIBRAA7\" data-src=\"https:\/\/villahistra.com\/wp-content\/uploads\/2022\/07\/Labin-stari-grad-1024x682.jpg\" alt=\"Labin stari grad\" width=\"1024\" height=\"682\" data-srcset=\"https:\/\/villahistra.com\/wp-content\/uploads\/2022\/07\/Labin-stari-grad-1024x682.jpg 1024w, https:\/\/villahistra.com\/wp-content\/uploads\/2022\/07\/Labin-stari-grad-300x200.jpg 300w, https:\/\/villahistra.com\/wp-content\/uploads\/2022\/07\/Labin-stari-grad-768x511.jpg 768w, https:\/\/villahistra.com\/wp-content\/uploads\/2022\/07\/Labin-stari-grad-520x345.jpg 520w, https:\/\/villahistra.com\/wp-content\/uploads\/2022\/07\/Labin-stari-grad.jpg 1500w\" sizes=\"(max-width: 1024px) 100vw, 1024px\" \/><noscript><img decoding=\"async\" class=\"aligncenter wp-image-577 size-large lazyload\" src=\"https:\/\/villahistra.com\/wp-content\/uploads\/2022\/07\/Labin-stari-grad-1024x682.jpg\" alt=\"Labin stari grad\" width=\"1024\" height=\"682\" srcset=\"https:\/\/villahistra.com\/wp-content\/uploads\/2022\/07\/Labin-stari-grad-1024x682.jpg 1024w, https:\/\/villahistra.com\/wp-content\/uploads\/2022\/07\/Labin-stari-grad-300x200.jpg 300w, https:\/\/villahistra.com\/wp-content\/uploads\/2022\/07\/Labin-stari-grad-768x511.jpg 768w, https:\/\/villahistra.com\/wp-content\/uploads\/2022\/07\/Labin-stari-grad-520x345.jpg 520w, https:\/\/villahistra.com\/wp-content\/uploads\/2022\/07\/Labin-stari-grad.jpg 1500w\" sizes=\"(max-width: 1024px) 100vw, 1024px\" \/><\/noscript><\/p>\n<p style=\"text-align: center;\">Medieval Labin will delight you with its architecture and many cultural sights.<br \/>\nBehind the city gates from the 16th century, explore the narrow stone streets and enjoy the beautiful view from the Fort.<br \/>\n<a href=\"https:\/\/rabac-labin.com\/\" target=\"_blank\" rel=\"noopener\">TZ Rabac &#8211; Labin<\/a>\u00a0 \u00a0|\u00a0 \u00a0<a href=\"https:\/\/www.istra.hr\/hr\/destinacije\/labin\" target=\"_blank\" rel=\"noopener\">TZ Istre<\/a><\/p>\n<hr \/>\n<h6 style=\"text-align: center;\">RABAC<\/h6>\n<p><img decoding=\"async\" class=\"aligncenter wp-image-650 size-full lazyload\" src=\"data:image\/gif;base64,R0lGODlhAQABAIAAAAAAAP\/\/\/yH5BAEAAAAALAAAAAABAAEAAAIBRAA7\" data-src=\"https:\/\/villahistra.com\/wp-content\/uploads\/2022\/07\/Rabac-Labin.jpg\" alt=\"\" width=\"900\" height=\"600\" data-srcset=\"https:\/\/villahistra.com\/wp-content\/uploads\/2022\/07\/Rabac-Labin.jpg 900w, https:\/\/villahistra.com\/wp-content\/uploads\/2022\/07\/Rabac-Labin-300x200.jpg 300w, https:\/\/villahistra.com\/wp-content\/uploads\/2022\/07\/Rabac-Labin-768x512.jpg 768w\" sizes=\"(max-width: 900px) 100vw, 900px\" \/><noscript><img decoding=\"async\" class=\"aligncenter wp-image-650 size-full lazyload\" src=\"https:\/\/villahistra.com\/wp-content\/uploads\/2022\/07\/Rabac-Labin.jpg\" alt=\"\" width=\"900\" height=\"600\" srcset=\"https:\/\/villahistra.com\/wp-content\/uploads\/2022\/07\/Rabac-Labin.jpg 900w, https:\/\/villahistra.com\/wp-content\/uploads\/2022\/07\/Rabac-Labin-300x200.jpg 300w, https:\/\/villahistra.com\/wp-content\/uploads\/2022\/07\/Rabac-Labin-768x512.jpg 768w\" sizes=\"(max-width: 900px) 100vw, 900px\" \/><\/noscript><\/p>\n<p style=\"text-align: center;\">Do not miss visiting Rabac and its beautiful pebble beaches.<br \/>\n<a href=\"https:\/\/rabac-labin.com\/\" target=\"_blank\" rel=\"noopener\">TZ Rabac &#8211; Labin<\/a><\/p>\n","protected":false},"excerpt":{"rendered":"<p>Erkunden Sie die Sch\u00f6nheit der istrischen St\u00e4dte, gr\u00fcnen H\u00fcgel und der wundersch\u00f6nen K\u00fcste LABIN Medieval Labin will delight you with its architecture and many cultural sights. Behind the city gates from the 16th century, explore the narrow stone streets and&hellip;<\/p>\n","protected":false},"author":1,"featured_media":358,"parent":0,"menu_order":3,"comment_status":"closed","ping_status":"closed","template":"","meta":{"iawp_total_views":41,"footnotes":""},"class_list":["post-703","page","type-page","status-publish","has-post-thumbnail","hentry"],"_links":{"self":[{"href":"https:\/\/villahistra.com\/de\/wp-json\/wp\/v2\/pages\/703","targetHints":{"allow":["GET"]}}],"collection":[{"href":"https:\/\/villahistra.com\/de\/wp-json\/wp\/v2\/pages"}],"about":[{"href":"https:\/\/villahistra.com\/de\/wp-json\/wp\/v2\/types\/page"}],"author":[{"embeddable":true,"href":"https:\/\/villahistra.com\/de\/wp-json\/wp\/v2\/users\/1"}],"replies":[{"embeddable":true,"href":"https:\/\/villahistra.com\/de\/wp-json\/wp\/v2\/comments?post=703"}],"version-history":[{"count":14,"href":"https:\/\/villahistra.com\/de\/wp-json\/wp\/v2\/pages\/703\/revisions"}],"predecessor-version":[{"id":1387,"href":"https:\/\/villahistra.com\/de\/wp-json\/wp\/v2\/pages\/703\/revisions\/1387"}],"wp:featuredmedia":[{"embeddable":true,"href":"https:\/\/villahistra.com\/de\/wp-json\/wp\/v2\/media\/358"}],"wp:attachment":[{"href":"https:\/\/villahistra.com\/de\/wp-json\/wp\/v2\/media?parent=703"}],"curies":[{"name":"wp","href":"https:\/\/api.w.org\/{rel}","templated":true}]}}