{"id":1142,"date":"2024-08-21T11:50:24","date_gmt":"2024-08-21T09:50:24","guid":{"rendered":"https:\/\/villahistra.com\/?page_id=1142"},"modified":"2025-02-18T01:22:29","modified_gmt":"2025-02-18T00:22:29","slug":"contact-us","status":"publish","type":"page","link":"https:\/\/villahistra.com\/en\/contact-us\/","title":{"rendered":"Contact us"},"content":{"rendered":"<h2>Write to us!<\/h2>\n<h5>You can use the contact form for inquiries or reservations. We will reply to you as soon as possible.<\/h5>\n\n<div class=\"wpcf7 no-js\" id=\"wpcf7-f240-o1\" lang=\"hr\" dir=\"ltr\" data-wpcf7-id=\"240\">\n<div class=\"screen-reader-response\"><p role=\"status\" aria-live=\"polite\" aria-atomic=\"true\"><\/p> <ul><\/ul><\/div>\n<form action=\"\/en\/wp-json\/wp\/v2\/pages\/1142#wpcf7-f240-o1\" method=\"post\" class=\"wpcf7-form init\" aria-label=\"Kontakt obrazac\" novalidate=\"novalidate\" data-status=\"init\">\n<div style=\"display: none;\">\n<input type=\"hidden\" name=\"_wpcf7\" value=\"240\" \/>\n<input type=\"hidden\" name=\"_wpcf7_version\" value=\"6.0.3\" \/>\n<input type=\"hidden\" name=\"_wpcf7_locale\" value=\"hr\" \/>\n<input type=\"hidden\" name=\"_wpcf7_unit_tag\" value=\"wpcf7-f240-o1\" \/>\n<input type=\"hidden\" name=\"_wpcf7_container_post\" value=\"0\" \/>\n<input type=\"hidden\" name=\"_wpcf7_posted_data_hash\" value=\"\" \/>\n<\/div>\n<p><label> Va\u0161e ime \/ Your name<br \/>\n<span class=\"wpcf7-form-control-wrap\" data-name=\"your-name\"><input size=\"40\" maxlength=\"400\" class=\"wpcf7-form-control wpcf7-text wpcf7-validates-as-required\" aria-required=\"true\" aria-invalid=\"false\" value=\"\" type=\"text\" name=\"your-name\" \/><\/span> <\/label>\n<\/p>\n<p><label> Va\u0161a e-po\u0161ta \/ Your e-mail<br \/>\n<span class=\"wpcf7-form-control-wrap\" data-name=\"your-email\"><input size=\"40\" maxlength=\"400\" class=\"wpcf7-form-control wpcf7-email wpcf7-validates-as-required wpcf7-text wpcf7-validates-as-email\" aria-required=\"true\" aria-invalid=\"false\" value=\"\" type=\"email\" name=\"your-email\" \/><\/span> <\/label>\n<\/p>\n<p><label> Datumi \/ Dates<br \/>\n<span class=\"wpcf7-form-control-wrap\" data-name=\"your-subject\"><input size=\"40\" maxlength=\"400\" class=\"wpcf7-form-control wpcf7-text wpcf7-validates-as-required\" aria-required=\"true\" aria-invalid=\"false\" value=\"\" type=\"text\" name=\"your-subject\" \/><\/span> <\/label>\n<\/p>\n<p><span id=\"wpcf7-69e3d20bdd840-wrapper\" class=\"wpcf7-form-control-wrap fname-22-wrap\" ><input type=\"hidden\" name=\"fname-22-time-start\" value=\"1776538123\"><input type=\"hidden\" name=\"fname-22-time-check\" value=\"5\"><label for=\"wpcf7-69e3d20bdd840-field\" class=\"hp-message\">Please leave this field empty.<\/label><input id=\"wpcf7-69e3d20bdd840-field\"  class=\"wpcf7-form-control wpcf7-text\" type=\"text\" name=\"fname-22\" value=\"\" size=\"40\" tabindex=\"-1\" autocomplete=\"new-password\" \/><\/span>\n<\/p>\n<p><label> Poruka \/ Message<br \/>\n<span class=\"wpcf7-form-control-wrap\" data-name=\"your-message\"><textarea cols=\"40\" rows=\"10\" maxlength=\"2000\" class=\"wpcf7-form-control wpcf7-textarea\" aria-invalid=\"false\" name=\"your-message\"><\/textarea><\/span> <\/label>\n<\/p>\n<p><span class=\"wpcf7-form-control-wrap\" data-name=\"your-consent\"><span class=\"wpcf7-form-control wpcf7-acceptance\"><span class=\"wpcf7-list-item\"><label><input type=\"checkbox\" name=\"your-consent\" value=\"1\" aria-invalid=\"false\" \/><span class=\"wpcf7-list-item-label\">Pro\u010ditala\/o sam Pravila o privatnosti i prihva\u0107am kola\u010di\u0107e.<\/span><\/label><\/span><\/span><\/span>\n<\/p>\n<p><input class=\"wpcf7-form-control wpcf7-submit has-spinner\" type=\"submit\" value=\"Po\u0161alji  \/ Submit\" \/>\n<\/p><div class=\"wpcf7-response-output\" aria-hidden=\"true\"><\/div>\n<\/form>\n<\/div>\n\n<p><strong>Adress:<\/strong><br \/>\n\u0160umber 133A, HR-52231 Nede\u0161\u0107ina<\/p>\n<p><strong>WhatsApp:<\/strong><br \/>\n<a href=\"https:\/\/wa.me\/385916016570\">+385 91 601 6570<\/a><\/p>\n<p><strong>E-mail:<\/strong><br \/>\n<a href=\"mailto:info@villahistra.com\" target=\"_blank\" rel=\"noopener\">info@villahistra.com<\/a><\/p>\n","protected":false},"excerpt":{"rendered":"<p>Write to us! You can use the contact form for inquiries or reservations. We will reply to you as soon as possible. Adress: \u0160umber 133A, HR-52231 Nede\u0161\u0107ina WhatsApp: +385 91 601 6570 E-mail: info@villahistra.com<\/p>\n","protected":false},"author":1,"featured_media":0,"parent":0,"menu_order":0,"comment_status":"closed","ping_status":"closed","template":"","meta":{"iawp_total_views":5,"footnotes":""},"class_list":["post-1142","page","type-page","status-publish","hentry"],"_links":{"self":[{"href":"https:\/\/villahistra.com\/en\/wp-json\/wp\/v2\/pages\/1142","targetHints":{"allow":["GET"]}}],"collection":[{"href":"https:\/\/villahistra.com\/en\/wp-json\/wp\/v2\/pages"}],"about":[{"href":"https:\/\/villahistra.com\/en\/wp-json\/wp\/v2\/types\/page"}],"author":[{"embeddable":true,"href":"https:\/\/villahistra.com\/en\/wp-json\/wp\/v2\/users\/1"}],"replies":[{"embeddable":true,"href":"https:\/\/villahistra.com\/en\/wp-json\/wp\/v2\/comments?post=1142"}],"version-history":[{"count":3,"href":"https:\/\/villahistra.com\/en\/wp-json\/wp\/v2\/pages\/1142\/revisions"}],"predecessor-version":[{"id":1412,"href":"https:\/\/villahistra.com\/en\/wp-json\/wp\/v2\/pages\/1142\/revisions\/1412"}],"wp:attachment":[{"href":"https:\/\/villahistra.com\/en\/wp-json\/wp\/v2\/media?parent=1142"}],"curies":[{"name":"wp","href":"https:\/\/api.w.org\/{rel}","templated":true}]}}